{"id":12499,"date":"2023-02-19T19:47:57","date_gmt":"2023-02-20T03:47:57","guid":{"rendered":"https:\/\/revista-escafandra.com\/?page_id=12499"},"modified":"2023-09-18T11:51:55","modified_gmt":"2023-09-18T19:51:55","slug":"acerca-de-escafandra","status":"publish","type":"page","link":"https:\/\/revista-escafandra.com\/index.php\/acerca-de-escafandra\/","title":{"rendered":"Acerca de Escafandra"},"content":{"rendered":"\n<div class=\"wp-block-columns is-layout-flex wp-container-core-columns-is-layout-28f84493 wp-block-columns-is-layout-flex\">\n<div class=\"wp-block-column is-layout-flow wp-block-column-is-layout-flow\" style=\"flex-basis:33.33%\">\n<figure class=\"wp-block-image size-full\"><img fetchpriority=\"high\" decoding=\"async\" width=\"512\" height=\"512\" src=\"https:\/\/revistaescafandra.com\/wp-content\/uploads\/2022\/11\/cropped-cropped-Logo-redes-300x300-1.png\" alt=\"\" class=\"wp-image-12384\" srcset=\"https:\/\/revista-escafandra.com\/wp-content\/uploads\/2022\/11\/cropped-cropped-Logo-redes-300x300-1.png 512w, https:\/\/revista-escafandra.com\/wp-content\/uploads\/2022\/11\/cropped-cropped-Logo-redes-300x300-1-300x300.png 300w, https:\/\/revista-escafandra.com\/wp-content\/uploads\/2022\/11\/cropped-cropped-Logo-redes-300x300-1-150x150.png 150w, https:\/\/revista-escafandra.com\/wp-content\/uploads\/2022\/11\/cropped-cropped-Logo-redes-300x300-1-270x270.png 270w, https:\/\/revista-escafandra.com\/wp-content\/uploads\/2022\/11\/cropped-cropped-Logo-redes-300x300-1-192x192.png 192w, https:\/\/revista-escafandra.com\/wp-content\/uploads\/2022\/11\/cropped-cropped-Logo-redes-300x300-1-180x180.png 180w, https:\/\/revista-escafandra.com\/wp-content\/uploads\/2022\/11\/cropped-cropped-Logo-redes-300x300-1-32x32.png 32w\" sizes=\"(max-width: 512px) 100vw, 512px\" \/><\/figure>\n<\/div>\n\n\n\n<div class=\"wp-block-column is-layout-flow wp-block-column-is-layout-flow\" style=\"flex-basis:66.66%\">\n<h2 class=\"wp-block-heading\">Gracias por interesarte en nuestro proyecto.<\/h2>\n\n\n\n<p>La revista de periodismo cultural <strong>Escafandra<\/strong> surge en 2020 por la inquietud de docentes y estudiantes preocupados por la escasez de medios como este. Los suplementos y revistas culturales pueden colaborar con reflexiones sobre el quehacer cultural de la regi\u00f3n, y ayudar a audiencias, lectores, artistas y gestores.<\/p>\n\n\n\n<p><\/p>\n\n\n\n<h2 class=\"wp-block-heading\">Misi\u00f3n<\/h2>\n\n\n\n<p>Informar y enriquecer al p\u00fablico regional sobre los eventos culturales m\u00e1s relevantes de su entorno de manera clara, digerible, divertida y \u00fatil para el lector, de forma gratuita. En \u00abEscafandra\u00bb se tratan manifestaciones culturales como el cine, la danza, el teatro, la m\u00fasica, la literatura, las artes pl\u00e1sticas y la fotograf\u00eda.<\/p>\n\n\n\n<p><\/p>\n\n\n\n<h2 class=\"wp-block-heading\">Visi\u00f3n<\/h2>\n\n\n\n<p>Convertir a \u00abEscafandra\u00bb en el referente para conocer e informarse del quehacer cultural de la regi\u00f3n, y proveer una reflexi\u00f3n importante sobre los eventos regionales. Es decir, transformarse en una voz confiable en el campo, a la cual recurran los lectores y artistas en busca de informaci\u00f3n y reflexi\u00f3n.<\/p>\n<\/div>\n<\/div>\n","protected":false},"excerpt":{"rendered":"<p>Gracias por interesarte en nuestro proyecto. La revista de periodismo cultural Escafandra surge en 2020<\/p>\n","protected":false},"author":42,"featured_media":0,"parent":0,"menu_order":0,"comment_status":"closed","ping_status":"closed","template":"","meta":{"footnotes":""},"class_list":["post-12499","page","type-page","status-publish","hentry"],"yoast_head":"<!-- This site is optimized with the Yoast SEO plugin v27.4 - https:\/\/yoast.com\/product\/yoast-seo-wordpress\/ -->\n<title>Acerca de Escafandra - Revista Escafandra<\/title>\n<meta name=\"robots\" content=\"index, follow, max-snippet:-1, max-image-preview:large, max-video-preview:-1\" \/>\n<link rel=\"canonical\" href=\"https:\/\/revista-escafandra.com\/index.php\/acerca-de-escafandra\/\" \/>\n<meta property=\"og:locale\" content=\"es_ES\" \/>\n<meta property=\"og:type\" content=\"article\" \/>\n<meta property=\"og:title\" content=\"Acerca de Escafandra - Revista Escafandra\" \/>\n<meta property=\"og:description\" content=\"Gracias por interesarte en nuestro proyecto. La revista de periodismo cultural Escafandra surge en 2020\" \/>\n<meta property=\"og:url\" content=\"https:\/\/revista-escafandra.com\/index.php\/acerca-de-escafandra\/\" \/>\n<meta property=\"og:site_name\" content=\"Revista Escafandra\" \/>\n<meta property=\"article:modified_time\" content=\"2023-09-18T19:51:55+00:00\" \/>\n<meta property=\"og:image\" content=\"https:\/\/revista-escafandra.com\/wp-content\/uploads\/2022\/11\/cropped-cropped-Logo-redes-300x300-1.png\" \/>\n\t<meta property=\"og:image:width\" content=\"512\" \/>\n\t<meta property=\"og:image:height\" content=\"512\" \/>\n\t<meta property=\"og:image:type\" content=\"image\/png\" \/>\n<meta name=\"twitter:card\" content=\"summary_large_image\" \/>\n<meta name=\"twitter:label1\" content=\"Tiempo de lectura\" \/>\n\t<meta name=\"twitter:data1\" content=\"1 minuto\" \/>\n<script type=\"application\/ld+json\" class=\"yoast-schema-graph\">{\"@context\":\"https:\\\/\\\/schema.org\",\"@graph\":[{\"@type\":\"WebPage\",\"@id\":\"https:\\\/\\\/revista-escafandra.com\\\/index.php\\\/acerca-de-escafandra\\\/\",\"url\":\"https:\\\/\\\/revista-escafandra.com\\\/index.php\\\/acerca-de-escafandra\\\/\",\"name\":\"Acerca de Escafandra - Revista Escafandra\",\"isPartOf\":{\"@id\":\"https:\\\/\\\/revista-escafandra.com\\\/#website\"},\"primaryImageOfPage\":{\"@id\":\"https:\\\/\\\/revista-escafandra.com\\\/index.php\\\/acerca-de-escafandra\\\/#primaryimage\"},\"image\":{\"@id\":\"https:\\\/\\\/revista-escafandra.com\\\/index.php\\\/acerca-de-escafandra\\\/#primaryimage\"},\"thumbnailUrl\":\"https:\\\/\\\/revistaescafandra.com\\\/wp-content\\\/uploads\\\/2022\\\/11\\\/cropped-cropped-Logo-redes-300x300-1.png\",\"datePublished\":\"2023-02-20T03:47:57+00:00\",\"dateModified\":\"2023-09-18T19:51:55+00:00\",\"breadcrumb\":{\"@id\":\"https:\\\/\\\/revista-escafandra.com\\\/index.php\\\/acerca-de-escafandra\\\/#breadcrumb\"},\"inLanguage\":\"es\",\"potentialAction\":[{\"@type\":\"ReadAction\",\"target\":[\"https:\\\/\\\/revista-escafandra.com\\\/index.php\\\/acerca-de-escafandra\\\/\"]}]},{\"@type\":\"ImageObject\",\"inLanguage\":\"es\",\"@id\":\"https:\\\/\\\/revista-escafandra.com\\\/index.php\\\/acerca-de-escafandra\\\/#primaryimage\",\"url\":\"https:\\\/\\\/revistaescafandra.com\\\/wp-content\\\/uploads\\\/2022\\\/11\\\/cropped-cropped-Logo-redes-300x300-1.png\",\"contentUrl\":\"https:\\\/\\\/revistaescafandra.com\\\/wp-content\\\/uploads\\\/2022\\\/11\\\/cropped-cropped-Logo-redes-300x300-1.png\"},{\"@type\":\"BreadcrumbList\",\"@id\":\"https:\\\/\\\/revista-escafandra.com\\\/index.php\\\/acerca-de-escafandra\\\/#breadcrumb\",\"itemListElement\":[{\"@type\":\"ListItem\",\"position\":1,\"name\":\"Portada\",\"item\":\"https:\\\/\\\/revista-escafandra.com\\\/\"},{\"@type\":\"ListItem\",\"position\":2,\"name\":\"Acerca de Escafandra\"}]},{\"@type\":\"WebSite\",\"@id\":\"https:\\\/\\\/revista-escafandra.com\\\/#website\",\"url\":\"https:\\\/\\\/revista-escafandra.com\\\/\",\"name\":\"Revista Escafandra\",\"description\":\"Revista de periodismo cultural de la Facultad de Artes Mexicali de la UABC\",\"potentialAction\":[{\"@type\":\"SearchAction\",\"target\":{\"@type\":\"EntryPoint\",\"urlTemplate\":\"https:\\\/\\\/revista-escafandra.com\\\/?s={search_term_string}\"},\"query-input\":{\"@type\":\"PropertyValueSpecification\",\"valueRequired\":true,\"valueName\":\"search_term_string\"}}],\"inLanguage\":\"es\"}]}<\/script>\n<!-- \/ Yoast SEO plugin. -->","yoast_head_json":{"title":"Acerca de Escafandra - Revista Escafandra","robots":{"index":"index","follow":"follow","max-snippet":"max-snippet:-1","max-image-preview":"max-image-preview:large","max-video-preview":"max-video-preview:-1"},"canonical":"https:\/\/revista-escafandra.com\/index.php\/acerca-de-escafandra\/","og_locale":"es_ES","og_type":"article","og_title":"Acerca de Escafandra - Revista Escafandra","og_description":"Gracias por interesarte en nuestro proyecto. La revista de periodismo cultural Escafandra surge en 2020","og_url":"https:\/\/revista-escafandra.com\/index.php\/acerca-de-escafandra\/","og_site_name":"Revista Escafandra","article_modified_time":"2023-09-18T19:51:55+00:00","og_image":[{"width":512,"height":512,"url":"https:\/\/revista-escafandra.com\/wp-content\/uploads\/2022\/11\/cropped-cropped-Logo-redes-300x300-1.png","type":"image\/png"}],"twitter_card":"summary_large_image","twitter_misc":{"Tiempo de lectura":"1 minuto"},"schema":{"@context":"https:\/\/schema.org","@graph":[{"@type":"WebPage","@id":"https:\/\/revista-escafandra.com\/index.php\/acerca-de-escafandra\/","url":"https:\/\/revista-escafandra.com\/index.php\/acerca-de-escafandra\/","name":"Acerca de Escafandra - Revista Escafandra","isPartOf":{"@id":"https:\/\/revista-escafandra.com\/#website"},"primaryImageOfPage":{"@id":"https:\/\/revista-escafandra.com\/index.php\/acerca-de-escafandra\/#primaryimage"},"image":{"@id":"https:\/\/revista-escafandra.com\/index.php\/acerca-de-escafandra\/#primaryimage"},"thumbnailUrl":"https:\/\/revistaescafandra.com\/wp-content\/uploads\/2022\/11\/cropped-cropped-Logo-redes-300x300-1.png","datePublished":"2023-02-20T03:47:57+00:00","dateModified":"2023-09-18T19:51:55+00:00","breadcrumb":{"@id":"https:\/\/revista-escafandra.com\/index.php\/acerca-de-escafandra\/#breadcrumb"},"inLanguage":"es","potentialAction":[{"@type":"ReadAction","target":["https:\/\/revista-escafandra.com\/index.php\/acerca-de-escafandra\/"]}]},{"@type":"ImageObject","inLanguage":"es","@id":"https:\/\/revista-escafandra.com\/index.php\/acerca-de-escafandra\/#primaryimage","url":"https:\/\/revistaescafandra.com\/wp-content\/uploads\/2022\/11\/cropped-cropped-Logo-redes-300x300-1.png","contentUrl":"https:\/\/revistaescafandra.com\/wp-content\/uploads\/2022\/11\/cropped-cropped-Logo-redes-300x300-1.png"},{"@type":"BreadcrumbList","@id":"https:\/\/revista-escafandra.com\/index.php\/acerca-de-escafandra\/#breadcrumb","itemListElement":[{"@type":"ListItem","position":1,"name":"Portada","item":"https:\/\/revista-escafandra.com\/"},{"@type":"ListItem","position":2,"name":"Acerca de Escafandra"}]},{"@type":"WebSite","@id":"https:\/\/revista-escafandra.com\/#website","url":"https:\/\/revista-escafandra.com\/","name":"Revista Escafandra","description":"Revista de periodismo cultural de la Facultad de Artes Mexicali de la UABC","potentialAction":[{"@type":"SearchAction","target":{"@type":"EntryPoint","urlTemplate":"https:\/\/revista-escafandra.com\/?s={search_term_string}"},"query-input":{"@type":"PropertyValueSpecification","valueRequired":true,"valueName":"search_term_string"}}],"inLanguage":"es"}]}},"_links":{"self":[{"href":"https:\/\/revista-escafandra.com\/index.php\/wp-json\/wp\/v2\/pages\/12499","targetHints":{"allow":["GET"]}}],"collection":[{"href":"https:\/\/revista-escafandra.com\/index.php\/wp-json\/wp\/v2\/pages"}],"about":[{"href":"https:\/\/revista-escafandra.com\/index.php\/wp-json\/wp\/v2\/types\/page"}],"author":[{"embeddable":true,"href":"https:\/\/revista-escafandra.com\/index.php\/wp-json\/wp\/v2\/users\/42"}],"replies":[{"embeddable":true,"href":"https:\/\/revista-escafandra.com\/index.php\/wp-json\/wp\/v2\/comments?post=12499"}],"version-history":[{"count":7,"href":"https:\/\/revista-escafandra.com\/index.php\/wp-json\/wp\/v2\/pages\/12499\/revisions"}],"predecessor-version":[{"id":13911,"href":"https:\/\/revista-escafandra.com\/index.php\/wp-json\/wp\/v2\/pages\/12499\/revisions\/13911"}],"wp:attachment":[{"href":"https:\/\/revista-escafandra.com\/index.php\/wp-json\/wp\/v2\/media?parent=12499"}],"curies":[{"name":"wp","href":"https:\/\/api.w.org\/{rel}","templated":true}]}}