{"id":12493,"date":"2023-02-19T19:49:05","date_gmt":"2023-02-20T03:49:05","guid":{"rendered":"https:\/\/revista-escafandra.com\/?page_id=12493"},"modified":"2024-10-16T18:48:06","modified_gmt":"2024-10-17T02:48:06","slug":"equipo","status":"publish","type":"page","link":"https:\/\/revista-escafandra.com\/index.php\/equipo\/","title":{"rendered":"Equipo"},"content":{"rendered":"\n<div class=\"wp-block-columns is-layout-flex wp-container-core-columns-is-layout-28f84493 wp-block-columns-is-layout-flex\">\n<div class=\"wp-block-column is-layout-flow wp-block-column-is-layout-flow\" style=\"flex-basis:10%\"><\/div>\n\n\n\n<div class=\"wp-block-column is-layout-flow wp-block-column-is-layout-flow\" style=\"flex-basis:80%\">\n<p><\/p>\n\n\n\n<div class=\"wp-block-media-text alignwide has-media-on-the-right is-stacked-on-mobile\"><div class=\"wp-block-media-text__content\">\n<p><strong>Miguel Lozano<\/strong> es docente de la Facultad de Artes de la UABC en Mexicali. Imparte materias de teor\u00eda del arte y redacci\u00f3n. Es escritor, autor de <em>Sombreros blancos: tres hackers programan un mundo mejor<\/em> y <em>Fuera de la caja: galer\u00edas independientes en Baja California<\/em>. Actualmente estudia el doctorado en artes por el INBA y la UABC. Tiene afici\u00f3n por la fotograf\u00eda y el cine.<\/p>\n<\/div><figure class=\"wp-block-media-text__media\"><img fetchpriority=\"high\" decoding=\"async\" width=\"2160\" height=\"2160\" src=\"https:\/\/revistaescafandra.com\/wp-content\/uploads\/2022\/10\/Perfil-instagram-2160x2160.jpg\" alt=\"\" class=\"wp-image-12200 size-full\" srcset=\"https:\/\/revista-escafandra.com\/wp-content\/uploads\/2022\/10\/Perfil-instagram-2160x2160.jpg 2160w, https:\/\/revista-escafandra.com\/wp-content\/uploads\/2022\/10\/Perfil-instagram-1024x1024.jpg 1024w, https:\/\/revista-escafandra.com\/wp-content\/uploads\/2022\/10\/Perfil-instagram-50x50.jpg 50w, https:\/\/revista-escafandra.com\/wp-content\/uploads\/2022\/10\/Perfil-instagram-150x150.jpg 150w, https:\/\/revista-escafandra.com\/wp-content\/uploads\/2022\/10\/Perfil-instagram-300x300.jpg 300w, https:\/\/revista-escafandra.com\/wp-content\/uploads\/2022\/10\/Perfil-instagram-768x768.jpg 768w, https:\/\/revista-escafandra.com\/wp-content\/uploads\/2022\/10\/Perfil-instagram-1536x1536.jpg 1536w, https:\/\/revista-escafandra.com\/wp-content\/uploads\/2022\/10\/Perfil-instagram-2048x2048.jpg 2048w, https:\/\/revista-escafandra.com\/wp-content\/uploads\/2022\/10\/Perfil-instagram-1200x1200.jpg 1200w, https:\/\/revista-escafandra.com\/wp-content\/uploads\/2022\/10\/Perfil-instagram-800x800.jpg 800w, https:\/\/revista-escafandra.com\/wp-content\/uploads\/2022\/10\/Perfil-instagram-400x400.jpg 400w, https:\/\/revista-escafandra.com\/wp-content\/uploads\/2022\/10\/Perfil-instagram-200x200.jpg 200w, https:\/\/revista-escafandra.com\/wp-content\/uploads\/2022\/10\/Perfil-instagram-1980x1980.jpg 1980w\" sizes=\"(max-width: 2160px) 100vw, 2160px\" \/><\/figure><\/div>\n\n\n\n<div class=\"wp-block-media-text alignwide is-stacked-on-mobile\"><figure class=\"wp-block-media-text__media\"><img decoding=\"async\" width=\"2160\" height=\"2160\" src=\"https:\/\/revistaescafandra.com\/wp-content\/uploads\/2024\/10\/Isa-1-2160x2160.jpeg\" alt=\"\" class=\"wp-image-14624 size-full\" srcset=\"https:\/\/revista-escafandra.com\/wp-content\/uploads\/2024\/10\/Isa-1-2160x2160.jpeg 2160w, https:\/\/revista-escafandra.com\/wp-content\/uploads\/2024\/10\/Isa-1-1024x1024.jpeg 1024w, https:\/\/revista-escafandra.com\/wp-content\/uploads\/2024\/10\/Isa-1-150x150.jpeg 150w, https:\/\/revista-escafandra.com\/wp-content\/uploads\/2024\/10\/Isa-1-300x300.jpeg 300w, https:\/\/revista-escafandra.com\/wp-content\/uploads\/2024\/10\/Isa-1-768x768.jpeg 768w, https:\/\/revista-escafandra.com\/wp-content\/uploads\/2024\/10\/Isa-1-1536x1536.jpeg 1536w, https:\/\/revista-escafandra.com\/wp-content\/uploads\/2024\/10\/Isa-1-2048x2048.jpeg 2048w, https:\/\/revista-escafandra.com\/wp-content\/uploads\/2024\/10\/Isa-1-50x50.jpeg 50w\" sizes=\"(max-width: 2160px) 100vw, 2160px\" \/><\/figure><div class=\"wp-block-media-text__content\">\n<p>Ximena Flores es estudiante de Artes Cinematogr\u00e1ficas y Producci\u00f3n Audiovisual en UABC, con un gran inter\u00e9s por el arte, la moda y todo tipo de producci\u00f3n audiovisual. Le encanta conocer lugares de comida nuevos en la ciudad (m\u00e1s si es comida asi\u00e1tica), asistir a conciertos y salir por drinks.\u00a0<\/p>\n\n\n\n<p><\/p>\n<\/div><\/div>\n\n\n\n<div class=\"wp-block-media-text alignwide has-media-on-the-right is-stacked-on-mobile\" style=\"margin-top:0;margin-bottom:0;padding-top:0;padding-bottom:0;grid-template-columns:auto 43%\"><div class=\"wp-block-media-text__content\">\n<p><strong>Isa Flores<\/strong> es estudiante de Medios Audiovisuales en la Facultad de Artes, desde secundaria ha tenido inter\u00e9s por el dise\u00f1o gr\u00e1fico y de interiores, se dedica a este \u00faltimo en producciones audiovisuales. Sus pasatiempos incluyen cocinar, manejar en carretera, escuchar m\u00fasica y podcasts de terror.<\/p>\n<\/div><figure class=\"wp-block-media-text__media\"><img decoding=\"async\" width=\"1125\" height=\"2000\" src=\"https:\/\/revistaescafandra.com\/wp-content\/uploads\/2023\/02\/6F86C586-90ED-44FA-9FD3-195EB4FC3E15.jpg\" alt=\"\" class=\"wp-image-12751 size-full\" srcset=\"https:\/\/revista-escafandra.com\/wp-content\/uploads\/2023\/02\/6F86C586-90ED-44FA-9FD3-195EB4FC3E15.jpg 1125w, https:\/\/revista-escafandra.com\/wp-content\/uploads\/2023\/02\/6F86C586-90ED-44FA-9FD3-195EB4FC3E15-576x1024.jpg 576w, https:\/\/revista-escafandra.com\/wp-content\/uploads\/2023\/02\/6F86C586-90ED-44FA-9FD3-195EB4FC3E15-169x300.jpg 169w, https:\/\/revista-escafandra.com\/wp-content\/uploads\/2023\/02\/6F86C586-90ED-44FA-9FD3-195EB4FC3E15-768x1365.jpg 768w, https:\/\/revista-escafandra.com\/wp-content\/uploads\/2023\/02\/6F86C586-90ED-44FA-9FD3-195EB4FC3E15-864x1536.jpg 864w, https:\/\/revista-escafandra.com\/wp-content\/uploads\/2023\/02\/6F86C586-90ED-44FA-9FD3-195EB4FC3E15-1024x1820.jpg 1024w\" sizes=\"(max-width: 1125px) 100vw, 1125px\" \/><\/figure><\/div>\n\n\n\n<div class=\"wp-block-media-text alignwide is-stacked-on-mobile\"><figure class=\"wp-block-media-text__media\"><img loading=\"lazy\" decoding=\"async\" width=\"333\" height=\"447\" src=\"https:\/\/revistaescafandra.com\/wp-content\/uploads\/2024\/03\/Evelyn.png\" alt=\"\" class=\"wp-image-14197 size-full\" srcset=\"https:\/\/revista-escafandra.com\/wp-content\/uploads\/2024\/03\/Evelyn.png 333w, https:\/\/revista-escafandra.com\/wp-content\/uploads\/2024\/03\/Evelyn-223x300.png 223w\" sizes=\"(max-width: 333px) 100vw, 333px\" \/><\/figure><div class=\"wp-block-media-text__content\">\n<p><strong>Evelyn Barrera<\/strong> es estudiante de Medios Audiovisuales en la Facultad de Artes de la UABC en Mexicali. Le gusta escribir cr\u00edticas cinematogr\u00e1ficas y relatar cr\u00f3nicas que reflejan lo inusual en lo cotidiano. Su vida es una colecci\u00f3n de cafeter\u00edas, flores y el color rosa.&nbsp;&nbsp;<\/p>\n<\/div><\/div>\n\n\n\n<div class=\"wp-block-media-text alignwide has-media-on-the-right is-stacked-on-mobile\"><div class=\"wp-block-media-text__content\">\n<p class=\"has-text-align-left\"><strong>Nahum Santillana<\/strong> es un estudiante de Medios Audiovisuales en la Facultad de Artes. Amante de los videojuegos y lo absurdo por igual. Con mil ideas y locuras en su mente, siempre esta listo para lo que venga incluso si esto es contraproducente.<\/p>\n<\/div><figure class=\"wp-block-media-text__media\"><img loading=\"lazy\" decoding=\"async\" width=\"1623\" height=\"2160\" src=\"https:\/\/revistaescafandra.com\/wp-content\/uploads\/2024\/10\/IMG_4061-1623x2160.jpg\" alt=\"\" class=\"wp-image-14549 size-full\" srcset=\"https:\/\/revista-escafandra.com\/wp-content\/uploads\/2024\/10\/IMG_4061-1623x2160.jpg 1623w, https:\/\/revista-escafandra.com\/wp-content\/uploads\/2024\/10\/IMG_4061-769x1024.jpg 769w, https:\/\/revista-escafandra.com\/wp-content\/uploads\/2024\/10\/IMG_4061-1539x2048.jpg 1539w, https:\/\/revista-escafandra.com\/wp-content\/uploads\/2024\/10\/IMG_4061-225x300.jpg 225w, https:\/\/revista-escafandra.com\/wp-content\/uploads\/2024\/10\/IMG_4061-768x1022.jpg 768w, https:\/\/revista-escafandra.com\/wp-content\/uploads\/2024\/10\/IMG_4061-1154x1536.jpg 1154w, https:\/\/revista-escafandra.com\/wp-content\/uploads\/2024\/10\/IMG_4061-1024x1363.jpg 1024w, https:\/\/revista-escafandra.com\/wp-content\/uploads\/2024\/10\/IMG_4061-scaled.jpg 1923w\" sizes=\"(max-width: 1623px) 100vw, 1623px\" \/><\/figure><\/div>\n\n\n\n<div class=\"wp-block-media-text alignwide is-stacked-on-mobile\"><figure class=\"wp-block-media-text__media\"><img loading=\"lazy\" decoding=\"async\" width=\"1648\" height=\"1236\" src=\"https:\/\/revistaescafandra.com\/wp-content\/uploads\/2024\/03\/Foto.jpeg\" alt=\"\" class=\"wp-image-14201 size-full\" srcset=\"https:\/\/revista-escafandra.com\/wp-content\/uploads\/2024\/03\/Foto.jpeg 1648w, https:\/\/revista-escafandra.com\/wp-content\/uploads\/2024\/03\/Foto-1024x768.jpeg 1024w, https:\/\/revista-escafandra.com\/wp-content\/uploads\/2024\/03\/Foto-300x225.jpeg 300w, https:\/\/revista-escafandra.com\/wp-content\/uploads\/2024\/03\/Foto-768x576.jpeg 768w, https:\/\/revista-escafandra.com\/wp-content\/uploads\/2024\/03\/Foto-1536x1152.jpeg 1536w\" sizes=\"(max-width: 1648px) 100vw, 1648px\" \/><\/figure><div class=\"wp-block-media-text__content\">\n<p><strong>\u00c1ngel Hern\u00e1ndez<\/strong> es un estudiante de Medios Audiovisuales. Un curioso que le gusta preguntar (es el morrillo que si levanta la mano en clase),un adicto m\u00e1s al caf\u00e9, aficionado de ver y hablar sobre cine, interesado en an\u00e1lisis y critica de cine (nomas no suelta el letterboxd), con afici\u00f3n por el guionismo y la producci\u00f3n audiovisual.<\/p>\n<\/div><\/div>\n\n\n\n<p><\/p>\n\n\n\n<p><\/p>\n\n\n\n<p><\/p>\n\n\n\n<p><\/p>\n\n\n\n<p><\/p>\n\n\n\n<p><\/p>\n\n\n\n<p><\/p>\n<\/div>\n\n\n\n<div class=\"wp-block-column is-layout-flow wp-block-column-is-layout-flow\" style=\"flex-basis:10%\"><\/div>\n<\/div>\n\n\n\n<p><\/p>\n\n\n\n<p><\/p>\n\n\n\n<p><\/p>\n","protected":false},"excerpt":{"rendered":"<p>Miguel Lozano es docente de la Facultad de Artes de la UABC en Mexicali. Imparte<\/p>\n","protected":false},"author":42,"featured_media":0,"parent":0,"menu_order":0,"comment_status":"closed","ping_status":"closed","template":"","meta":{"footnotes":""},"class_list":["post-12493","page","type-page","status-publish","hentry"],"yoast_head":"<!-- This site is optimized with the Yoast SEO plugin v27.4 - https:\/\/yoast.com\/product\/yoast-seo-wordpress\/ -->\n<title>Equipo - Revista Escafandra<\/title>\n<meta name=\"robots\" content=\"index, follow, max-snippet:-1, max-image-preview:large, max-video-preview:-1\" \/>\n<link rel=\"canonical\" href=\"https:\/\/revista-escafandra.com\/index.php\/equipo\/\" \/>\n<meta property=\"og:locale\" content=\"es_ES\" \/>\n<meta property=\"og:type\" content=\"article\" \/>\n<meta property=\"og:title\" content=\"Equipo - Revista Escafandra\" \/>\n<meta property=\"og:description\" content=\"Miguel Lozano es docente de la Facultad de Artes de la UABC en Mexicali. Imparte\" \/>\n<meta property=\"og:url\" content=\"https:\/\/revista-escafandra.com\/index.php\/equipo\/\" \/>\n<meta property=\"og:site_name\" content=\"Revista Escafandra\" \/>\n<meta property=\"article:modified_time\" content=\"2024-10-17T02:48:06+00:00\" \/>\n<meta property=\"og:image\" content=\"https:\/\/revista-escafandra.com\/wp-content\/uploads\/2022\/10\/Perfil-instagram-scaled.jpg\" \/>\n\t<meta property=\"og:image:width\" content=\"2560\" \/>\n\t<meta property=\"og:image:height\" content=\"2560\" \/>\n\t<meta property=\"og:image:type\" content=\"image\/jpeg\" \/>\n<meta name=\"twitter:card\" content=\"summary_large_image\" \/>\n<meta name=\"twitter:label1\" content=\"Tiempo de lectura\" \/>\n\t<meta name=\"twitter:data1\" content=\"2 minutos\" \/>\n<script type=\"application\/ld+json\" class=\"yoast-schema-graph\">{\"@context\":\"https:\\\/\\\/schema.org\",\"@graph\":[{\"@type\":\"WebPage\",\"@id\":\"https:\\\/\\\/revista-escafandra.com\\\/index.php\\\/equipo\\\/\",\"url\":\"https:\\\/\\\/revista-escafandra.com\\\/index.php\\\/equipo\\\/\",\"name\":\"Equipo - Revista Escafandra\",\"isPartOf\":{\"@id\":\"https:\\\/\\\/revista-escafandra.com\\\/#website\"},\"primaryImageOfPage\":{\"@id\":\"https:\\\/\\\/revista-escafandra.com\\\/index.php\\\/equipo\\\/#primaryimage\"},\"image\":{\"@id\":\"https:\\\/\\\/revista-escafandra.com\\\/index.php\\\/equipo\\\/#primaryimage\"},\"thumbnailUrl\":\"https:\\\/\\\/revistaescafandra.com\\\/wp-content\\\/uploads\\\/2022\\\/10\\\/Perfil-instagram-2160x2160.jpg\",\"datePublished\":\"2023-02-20T03:49:05+00:00\",\"dateModified\":\"2024-10-17T02:48:06+00:00\",\"breadcrumb\":{\"@id\":\"https:\\\/\\\/revista-escafandra.com\\\/index.php\\\/equipo\\\/#breadcrumb\"},\"inLanguage\":\"es\",\"potentialAction\":[{\"@type\":\"ReadAction\",\"target\":[\"https:\\\/\\\/revista-escafandra.com\\\/index.php\\\/equipo\\\/\"]}]},{\"@type\":\"ImageObject\",\"inLanguage\":\"es\",\"@id\":\"https:\\\/\\\/revista-escafandra.com\\\/index.php\\\/equipo\\\/#primaryimage\",\"url\":\"https:\\\/\\\/revistaescafandra.com\\\/wp-content\\\/uploads\\\/2022\\\/10\\\/Perfil-instagram-2160x2160.jpg\",\"contentUrl\":\"https:\\\/\\\/revistaescafandra.com\\\/wp-content\\\/uploads\\\/2022\\\/10\\\/Perfil-instagram-2160x2160.jpg\"},{\"@type\":\"BreadcrumbList\",\"@id\":\"https:\\\/\\\/revista-escafandra.com\\\/index.php\\\/equipo\\\/#breadcrumb\",\"itemListElement\":[{\"@type\":\"ListItem\",\"position\":1,\"name\":\"Portada\",\"item\":\"https:\\\/\\\/revista-escafandra.com\\\/\"},{\"@type\":\"ListItem\",\"position\":2,\"name\":\"Equipo\"}]},{\"@type\":\"WebSite\",\"@id\":\"https:\\\/\\\/revista-escafandra.com\\\/#website\",\"url\":\"https:\\\/\\\/revista-escafandra.com\\\/\",\"name\":\"Revista Escafandra\",\"description\":\"Revista de periodismo cultural de la Facultad de Artes Mexicali de la UABC\",\"potentialAction\":[{\"@type\":\"SearchAction\",\"target\":{\"@type\":\"EntryPoint\",\"urlTemplate\":\"https:\\\/\\\/revista-escafandra.com\\\/?s={search_term_string}\"},\"query-input\":{\"@type\":\"PropertyValueSpecification\",\"valueRequired\":true,\"valueName\":\"search_term_string\"}}],\"inLanguage\":\"es\"}]}<\/script>\n<!-- \/ Yoast SEO plugin. -->","yoast_head_json":{"title":"Equipo - Revista Escafandra","robots":{"index":"index","follow":"follow","max-snippet":"max-snippet:-1","max-image-preview":"max-image-preview:large","max-video-preview":"max-video-preview:-1"},"canonical":"https:\/\/revista-escafandra.com\/index.php\/equipo\/","og_locale":"es_ES","og_type":"article","og_title":"Equipo - Revista Escafandra","og_description":"Miguel Lozano es docente de la Facultad de Artes de la UABC en Mexicali. Imparte","og_url":"https:\/\/revista-escafandra.com\/index.php\/equipo\/","og_site_name":"Revista Escafandra","article_modified_time":"2024-10-17T02:48:06+00:00","og_image":[{"width":2560,"height":2560,"url":"https:\/\/revista-escafandra.com\/wp-content\/uploads\/2022\/10\/Perfil-instagram-scaled.jpg","type":"image\/jpeg"}],"twitter_card":"summary_large_image","twitter_misc":{"Tiempo de lectura":"2 minutos"},"schema":{"@context":"https:\/\/schema.org","@graph":[{"@type":"WebPage","@id":"https:\/\/revista-escafandra.com\/index.php\/equipo\/","url":"https:\/\/revista-escafandra.com\/index.php\/equipo\/","name":"Equipo - Revista Escafandra","isPartOf":{"@id":"https:\/\/revista-escafandra.com\/#website"},"primaryImageOfPage":{"@id":"https:\/\/revista-escafandra.com\/index.php\/equipo\/#primaryimage"},"image":{"@id":"https:\/\/revista-escafandra.com\/index.php\/equipo\/#primaryimage"},"thumbnailUrl":"https:\/\/revistaescafandra.com\/wp-content\/uploads\/2022\/10\/Perfil-instagram-2160x2160.jpg","datePublished":"2023-02-20T03:49:05+00:00","dateModified":"2024-10-17T02:48:06+00:00","breadcrumb":{"@id":"https:\/\/revista-escafandra.com\/index.php\/equipo\/#breadcrumb"},"inLanguage":"es","potentialAction":[{"@type":"ReadAction","target":["https:\/\/revista-escafandra.com\/index.php\/equipo\/"]}]},{"@type":"ImageObject","inLanguage":"es","@id":"https:\/\/revista-escafandra.com\/index.php\/equipo\/#primaryimage","url":"https:\/\/revistaescafandra.com\/wp-content\/uploads\/2022\/10\/Perfil-instagram-2160x2160.jpg","contentUrl":"https:\/\/revistaescafandra.com\/wp-content\/uploads\/2022\/10\/Perfil-instagram-2160x2160.jpg"},{"@type":"BreadcrumbList","@id":"https:\/\/revista-escafandra.com\/index.php\/equipo\/#breadcrumb","itemListElement":[{"@type":"ListItem","position":1,"name":"Portada","item":"https:\/\/revista-escafandra.com\/"},{"@type":"ListItem","position":2,"name":"Equipo"}]},{"@type":"WebSite","@id":"https:\/\/revista-escafandra.com\/#website","url":"https:\/\/revista-escafandra.com\/","name":"Revista Escafandra","description":"Revista de periodismo cultural de la Facultad de Artes Mexicali de la UABC","potentialAction":[{"@type":"SearchAction","target":{"@type":"EntryPoint","urlTemplate":"https:\/\/revista-escafandra.com\/?s={search_term_string}"},"query-input":{"@type":"PropertyValueSpecification","valueRequired":true,"valueName":"search_term_string"}}],"inLanguage":"es"}]}},"_links":{"self":[{"href":"https:\/\/revista-escafandra.com\/index.php\/wp-json\/wp\/v2\/pages\/12493","targetHints":{"allow":["GET"]}}],"collection":[{"href":"https:\/\/revista-escafandra.com\/index.php\/wp-json\/wp\/v2\/pages"}],"about":[{"href":"https:\/\/revista-escafandra.com\/index.php\/wp-json\/wp\/v2\/types\/page"}],"author":[{"embeddable":true,"href":"https:\/\/revista-escafandra.com\/index.php\/wp-json\/wp\/v2\/users\/42"}],"replies":[{"embeddable":true,"href":"https:\/\/revista-escafandra.com\/index.php\/wp-json\/wp\/v2\/comments?post=12493"}],"version-history":[{"count":30,"href":"https:\/\/revista-escafandra.com\/index.php\/wp-json\/wp\/v2\/pages\/12493\/revisions"}],"predecessor-version":[{"id":14626,"href":"https:\/\/revista-escafandra.com\/index.php\/wp-json\/wp\/v2\/pages\/12493\/revisions\/14626"}],"wp:attachment":[{"href":"https:\/\/revista-escafandra.com\/index.php\/wp-json\/wp\/v2\/media?parent=12493"}],"curies":[{"name":"wp","href":"https:\/\/api.w.org\/{rel}","templated":true}]}}